{"id":564,"date":"2024-07-01T07:41:50","date_gmt":"2024-07-01T07:41:50","guid":{"rendered":"http:\/\/www.hornetproyectos.es\/?page_id=564"},"modified":"2024-10-14T10:33:02","modified_gmt":"2024-10-14T10:33:02","slug":"servicios-2","status":"publish","type":"page","link":"https:\/\/www.hornetproyectos.es\/index.php\/servicios-2\/","title":{"rendered":"Servicios"},"content":{"rendered":"\n\n\n<h3 class=\"wp-block-heading\"><mark style=\"background-color:rgba(0, 0, 0, 0)\" class=\"has-inline-color has-nv-c-1-color\">Desde nuestro despacho podemos realizar:<\/mark><\/h3>\n\n\n\n<div class=\"wp-block-uagb-separator uagb-block-726b2920\"><div class=\"wp-block-uagb-separator__inner\" style=\"--my-background-image:\"><\/div><\/div>\n\n\n\n<div class=\"wp-block-uagb-container uagb-block-0a703c76 alignfull uagb-is-root-container\"><div class=\"uagb-container-inner-blocks-wrap\">\n<div class=\"wp-block-uagb-container animated fadeInUp uagb-block-e32c2dbe\">\n<div class=\"wp-block-uagb-info-box uagb-block-eb9104c9 uagb-infobox__content-wrap  uagb-infobox-icon-above-title uagb-infobox-image-valign-top\"><div class=\"uagb-ifb-content\"><div class=\"uagb-ifb-title-wrap\"><h3 class=\"uagb-ifb-title\">ESTUDIO Y GESTI\u00d3N DE LICENCIAS.<\/h3><\/div><p class=\"uagb-ifb-desc\"><em>Nos encargamos de todo lo necesario para la obtenci\u00f3n de permisos y licencias de obra y actividad seg\u00fan normativa vigente.<\/em><\/p><\/div><\/div>\n<\/div>\n\n\n\n<div class=\"wp-block-uagb-container animated fadeInUp uagb-block-4d97169e\">\n<div class=\"wp-block-uagb-info-box uagb-block-0ae24b1b uagb-infobox__content-wrap  uagb-infobox-icon-above-title uagb-infobox-image-valign-top\"><div class=\"uagb-ifb-content\"><div class=\"uagb-ifb-title-wrap\"><h3 class=\"uagb-ifb-title\">DISE\u00d1O Y C\u00c1LCULO DE INSTALACIONES.<\/h3><\/div><p class=\"uagb-ifb-desc\"><em>Realizamos el proyecto para el dise\u00f1o y c\u00e1lculo de las instalaciones, adapt\u00e1ndonos a las necesidades de cada cliente.<\/em><\/p><\/div><\/div>\n<\/div>\n\n\n\n<div class=\"wp-block-uagb-container animated fadeInUp uagb-block-7eabb71d\">\n<div class=\"wp-block-uagb-info-box uagb-block-f3e1ea0d uagb-infobox__content-wrap  uagb-infobox-icon-above-title uagb-infobox-image-valign-top\"><div class=\"uagb-ifb-content\"><div class=\"uagb-ifb-title-wrap\"><h3 class=\"uagb-ifb-title\">GESTI\u00d3N DE OBRA &#8211; PROJECT MANAGEMENT.<\/h3><\/div><p class=\"uagb-ifb-desc\"><em>Llevamos a cabo una gesti\u00f3n integral de los proyectos (control de costes, proveedores, comunicaci\u00f3n entre las partes intervinientes, etc.).<\/em><\/p><\/div><\/div>\n<\/div>\n\n\n\n<div class=\"wp-block-uagb-container animated fadeInUp uagb-block-ff7352e7\">\n<div class=\"wp-block-uagb-info-box uagb-block-e96ea7f4 uagb-infobox__content-wrap  uagb-infobox-icon-above-title uagb-infobox-image-valign-top\"><div class=\"uagb-ifb-content\"><div class=\"uagb-ifb-title-wrap\"><h3 class=\"uagb-ifb-title\">EFICIENCIA ENERG\u00c9TICA.<\/h3><\/div><p class=\"uagb-ifb-desc\"><em>Desarrollamos proyectos de eficiencia energ\u00e9tica, contando con especialistas en energ\u00edas renovables dentro del equipo.<\/em><\/p><\/div><\/div>\n<\/div>\n\n\n\n<div class=\"wp-block-uagb-container animated fadeInUp uagb-block-e431779a\">\n<div class=\"wp-block-uagb-info-box uagb-block-19bda7fc uagb-infobox__content-wrap  uagb-infobox-icon-above-title uagb-infobox-image-valign-top\"><div class=\"uagb-ifb-content\"><div class=\"uagb-ifb-title-wrap\"><h3 class=\"uagb-ifb-title\">ESTUDIO Y C\u00c1LCULO DE ILUMINACI\u00d3N.<\/h3><\/div><p class=\"uagb-ifb-desc\"><em>Elaboramos un estudio y c\u00e1lculo lum\u00ednico en funci\u00f3n de las necesidades del cliente y la normativa aplicable a cada proyecto.<\/em><\/p><\/div><\/div>\n<\/div>\n\n\n\n<div class=\"wp-block-uagb-container animated fadeInUp uagb-block-2630d845\">\n<div class=\"wp-block-uagb-info-box uagb-block-4c628152 uagb-infobox__content-wrap  uagb-infobox-icon-above-title uagb-infobox-image-valign-top\"><div class=\"uagb-ifb-content\"><div class=\"uagb-ifb-title-wrap\"><h3 class=\"uagb-ifb-title\">AN\u00c1LISIS Y PROYECTOS AC\u00daSTICOS.<\/h3><\/div><p class=\"uagb-ifb-desc\"><em>Contamos con t\u00e9cnicos especialistas en ac\u00fastica para realizar las pruebas, c\u00e1lculos y proyectos adaptados a cualquier requerimiento.<\/em><\/p><\/div><\/div>\n<\/div>\n<\/div><\/div>\n\n\n\n<div class=\"wp-block-uagb-container uagb-block-9abefa7f alignfull uagb-is-root-container\"><div class=\"uagb-container-inner-blocks-wrap\">\n<div class=\"wp-block-uagb-container animated fadeInUp uagb-block-7eaea5b7\">\n<div class=\"wp-block-uagb-info-box uagb-block-3a87637e uagb-infobox__content-wrap  uagb-infobox-icon-above-title uagb-infobox-image-valign-top\"><div class=\"uagb-ifb-content\"><div class=\"uagb-ifb-title-wrap\"><h3 class=\"uagb-ifb-title\">COORDINACI\u00d3N DE SEGURIDAD Y SALUD.<\/h3><\/div><p class=\"uagb-ifb-desc\"><em>Coordinaci\u00f3n de seguridad y salud en obra, elaboraci\u00f3n de Estudios de Seguridad y Salud, aperturas de centro de trabajo, etc.<\/em><\/p><\/div><\/div>\n<\/div>\n\n\n\n<div class=\"wp-block-uagb-container animated fadeInUp uagb-block-ab257110\">\n<div class=\"wp-block-uagb-info-box uagb-block-6e0af3bc uagb-infobox__content-wrap  uagb-infobox-icon-above-title uagb-infobox-image-valign-top\"><div class=\"uagb-ifb-content\"><div class=\"uagb-ifb-title-wrap\"><h3 class=\"uagb-ifb-title\">LEGALIZACIONES.<\/h3><\/div><\/div><\/div>\n<\/div>\n<\/div><\/div>\n\n\n\n\n\n\n\n\n\n\n","protected":false},"excerpt":{"rendered":"<p>Desde nuestro despacho podemos realizar:<\/p>\n","protected":false},"author":7,"featured_media":0,"parent":0,"menu_order":0,"comment_status":"closed","ping_status":"closed","template":"","meta":{"_uag_custom_page_level_css":"","neve_meta_sidebar":"","neve_meta_container":"","neve_meta_enable_content_width":"","neve_meta_content_width":0,"neve_meta_title_alignment":"","neve_meta_author_avatar":"","neve_post_elements_order":"","neve_meta_disable_header":"","neve_meta_disable_footer":"","neve_meta_disable_title":"","ngg_post_thumbnail":0,"_themeisle_gutenberg_block_has_review":false,"_ti_tpc_template_sync":false,"_ti_tpc_template_id":"","footnotes":""},"uagb_featured_image_src":{"full":false,"thumbnail":false,"medium":false,"medium_large":false,"large":false,"PVGM_gallery_admin_thumb":false,"PVGM_gallery_admin_circle":false,"PVGM_gallery_admin_medium":false,"1536x1536":false,"2048x2048":false,"neve-blog":false},"uagb_author_info":{"display_name":"Alba S\u00e1nchez","author_link":"https:\/\/www.hornetproyectos.es\/index.php\/author\/alba\/"},"uagb_comment_info":0,"uagb_excerpt":"Desde nuestro despacho podemos realizar:","_links":{"self":[{"href":"https:\/\/www.hornetproyectos.es\/index.php\/wp-json\/wp\/v2\/pages\/564"}],"collection":[{"href":"https:\/\/www.hornetproyectos.es\/index.php\/wp-json\/wp\/v2\/pages"}],"about":[{"href":"https:\/\/www.hornetproyectos.es\/index.php\/wp-json\/wp\/v2\/types\/page"}],"author":[{"embeddable":true,"href":"https:\/\/www.hornetproyectos.es\/index.php\/wp-json\/wp\/v2\/users\/7"}],"replies":[{"embeddable":true,"href":"https:\/\/www.hornetproyectos.es\/index.php\/wp-json\/wp\/v2\/comments?post=564"}],"version-history":[{"count":10,"href":"https:\/\/www.hornetproyectos.es\/index.php\/wp-json\/wp\/v2\/pages\/564\/revisions"}],"predecessor-version":[{"id":717,"href":"https:\/\/www.hornetproyectos.es\/index.php\/wp-json\/wp\/v2\/pages\/564\/revisions\/717"}],"wp:attachment":[{"href":"https:\/\/www.hornetproyectos.es\/index.php\/wp-json\/wp\/v2\/media?parent=564"}],"curies":[{"name":"wp","href":"https:\/\/api.w.org\/{rel}","templated":true}]}}